{"id":131,"date":"2022-07-06T14:15:00","date_gmt":"2022-07-06T14:15:00","guid":{"rendered":"http:\/\/persischkurs.de\/?page_id=131"},"modified":"2024-09-05T08:49:52","modified_gmt":"2024-09-05T08:49:52","slug":"aktuelle-kurse","status":"publish","type":"page","link":"http:\/\/persischkurs.de\/?page_id=131","title":{"rendered":"Aktuelle Kurse"},"content":{"rendered":"<p><span style=\"color: #ff0000;\"><strong>Einzelkurse (online): <\/strong><\/span>Persisch f\u00fcr alle Lernstufen, nach Vereinbarung<\/p>\n<p>Aktuelle Kurse (online):<\/p>\n<ul>\n<li>montags, 17:00-18:30 Uhr , Aufbaukurs, Kapitel 10 des Lehrbuches &#8222;Persisch heute&#8220;<\/li>\n<li>donnerstags, 17:00-18:30 Uhr <b>,<\/b>Persisch f\u00fcr Fortgeschrittene, externe Texte, \u00dcbersetzungs\u00fcbungen, Filmkurs, Literatur<\/li>\n<\/ul>\n","protected":false},"excerpt":{"rendered":"<div class=\"mh-excerpt\"><p>Einzelkurse (online): Persisch f\u00fcr alle Lernstufen, nach Vereinbarung Aktuelle Kurse (online): montags, 17:00-18:30 Uhr , Aufbaukurs, Kapitel 10 des Lehrbuches &#8222;Persisch heute&#8220; donnerstags, 17:00-18:30 Uhr <a class=\"mh-excerpt-more\" href=\"http:\/\/persischkurs.de\/?page_id=131\" title=\"Aktuelle Kurse\">[&#8230;]<\/a><\/p>\n<\/div>","protected":false},"author":1,"featured_media":113,"parent":0,"menu_order":0,"comment_status":"closed","ping_status":"closed","template":"","meta":[],"_links":{"self":[{"href":"http:\/\/persischkurs.de\/index.php?rest_route=\/wp\/v2\/pages\/131"}],"collection":[{"href":"http:\/\/persischkurs.de\/index.php?rest_route=\/wp\/v2\/pages"}],"about":[{"href":"http:\/\/persischkurs.de\/index.php?rest_route=\/wp\/v2\/types\/page"}],"author":[{"embeddable":true,"href":"http:\/\/persischkurs.de\/index.php?rest_route=\/wp\/v2\/users\/1"}],"replies":[{"embeddable":true,"href":"http:\/\/persischkurs.de\/index.php?rest_route=%2Fwp%2Fv2%2Fcomments&post=131"}],"version-history":[{"count":7,"href":"http:\/\/persischkurs.de\/index.php?rest_route=\/wp\/v2\/pages\/131\/revisions"}],"predecessor-version":[{"id":566,"href":"http:\/\/persischkurs.de\/index.php?rest_route=\/wp\/v2\/pages\/131\/revisions\/566"}],"wp:featuredmedia":[{"embeddable":true,"href":"http:\/\/persischkurs.de\/index.php?rest_route=\/wp\/v2\/media\/113"}],"wp:attachment":[{"href":"http:\/\/persischkurs.de\/index.php?rest_route=%2Fwp%2Fv2%2Fmedia&parent=131"}],"curies":[{"name":"wp","href":"https:\/\/api.w.org\/{rel}","templated":true}]}}