{"id":148,"date":"2018-02-09T14:26:01","date_gmt":"2018-02-09T14:26:01","guid":{"rendered":"http:\/\/persischkurs.de\/?page_id=148"},"modified":"2018-02-15T10:52:34","modified_gmt":"2018-02-15T10:52:34","slug":"online-kurs-persisch","status":"publish","type":"page","link":"http:\/\/persischkurs.de\/?page_id=148","title":{"rendered":"Online-Kurs Persisch"},"content":{"rendered":"<p>Die Online-Kurse finden per Videokonferenz statt.<\/p>\n<p>Sch\u00fcler k\u00f6nnen in einen laufenden Gruppenkurs als &#8222;Online-Sch\u00fcler&#8220; einsteigen.<\/p>\n<p>Wir haben momentan &#8222;Online-Sch\u00fcler&#8220;, die in anderen St\u00e4dten und L\u00e4ndern zu Hause sitzen und an unseren beiden Kursen f\u00fcr Fortgeschrittene aktiv teilnehmen.<\/p>\n<p>Online-Kurse als Einzelkurs sind ebenfalls m\u00f6glich.<\/p>\n<p>Voraussetzung f\u00fcr die Teilnahme an einem Online-Kurs ist ein schneller Internetanschluss.<\/p>\n<p>In einem Online-Kurs k\u00f6nnen beide Lehrwerke,\u00a0 &#8222;<a href=\"http:\/\/persischkurs.de\/?page_id=43\">Persisch heute<\/a>&#8220; und\u00a0&#8222;<a href=\"http:\/\/persischkurs.de\/?page_id=142\">Schnellkurs Persisch<\/a>&#8220; eingesetzt werden.<\/p>\n<p>&nbsp;<\/p>\n","protected":false},"excerpt":{"rendered":"<div class=\"mh-excerpt\"><p>Die Online-Kurse finden per Videokonferenz statt. Sch\u00fcler k\u00f6nnen in einen laufenden Gruppenkurs als &#8222;Online-Sch\u00fcler&#8220; einsteigen. Wir haben momentan &#8222;Online-Sch\u00fcler&#8220;, die in anderen St\u00e4dten und L\u00e4ndern <a class=\"mh-excerpt-more\" href=\"http:\/\/persischkurs.de\/?page_id=148\" title=\"Online-Kurs Persisch\">[&#8230;]<\/a><\/p>\n<\/div>","protected":false},"author":1,"featured_media":0,"parent":0,"menu_order":0,"comment_status":"closed","ping_status":"closed","template":"","meta":[],"_links":{"self":[{"href":"http:\/\/persischkurs.de\/index.php?rest_route=\/wp\/v2\/pages\/148"}],"collection":[{"href":"http:\/\/persischkurs.de\/index.php?rest_route=\/wp\/v2\/pages"}],"about":[{"href":"http:\/\/persischkurs.de\/index.php?rest_route=\/wp\/v2\/types\/page"}],"author":[{"embeddable":true,"href":"http:\/\/persischkurs.de\/index.php?rest_route=\/wp\/v2\/users\/1"}],"replies":[{"embeddable":true,"href":"http:\/\/persischkurs.de\/index.php?rest_route=%2Fwp%2Fv2%2Fcomments&post=148"}],"version-history":[{"count":5,"href":"http:\/\/persischkurs.de\/index.php?rest_route=\/wp\/v2\/pages\/148\/revisions"}],"predecessor-version":[{"id":247,"href":"http:\/\/persischkurs.de\/index.php?rest_route=\/wp\/v2\/pages\/148\/revisions\/247"}],"wp:attachment":[{"href":"http:\/\/persischkurs.de\/index.php?rest_route=%2Fwp%2Fv2%2Fmedia&parent=148"}],"curies":[{"name":"wp","href":"https:\/\/api.w.org\/{rel}","templated":true}]}}