{"id":248,"date":"2022-07-06T11:26:00","date_gmt":"2022-07-06T11:26:00","guid":{"rendered":"http:\/\/persischkurs.de\/?page_id=248"},"modified":"2022-07-06T09:21:40","modified_gmt":"2022-07-06T09:21:40","slug":"filmkurs-persisch","status":"publish","type":"page","link":"http:\/\/persischkurs.de\/?page_id=248","title":{"rendered":"Filmkurs Persisch"},"content":{"rendered":"<p>Der Donnerstag ist in unserem Sprachstudio der Filmtag. Hier vermitteln wir die aktuelle persische Umgangssprache mit Unterhaltung.<\/p>\n<p>In diesem Kurs (17:30-19:00 Uhr) behandeln wir Sequenzen einer aktuellen iranischen Home-Video-Serie.<\/p>\n<p>Wichtigste und h\u00e4ufigste S\u00e4tze, Ausdr\u00fccke und Redewendungen aus dem Film werden erkl\u00e4rt, wiederholt und grammatikalisch erl\u00e4utert.<\/p>\n<p>Zu Hause haben die Sch\u00fclerInnen die M\u00f6glichkeit, sich diese Filmsequenzen nochmals anzuschauen und die Vokabeln zu \u00fcben bzw. sich auf die n\u00e4chsten Szenen vorzubereiten.<\/p>\n<p>Voraussetzung f\u00fcr die Teilnahme an diesem Filmkurs sind Vorkenntnisse auf dem Niveau der Mittelstufe und h\u00f6her.<\/p>\n<p><span style=\"color: #ffffff;\">iranischer Film<\/span><\/p>\n<p><span style=\"color: #ffffff;\">Persischer Film<\/span><\/p>\n<p><span style=\"color: #ffffff;\">iranian Film<\/span><\/p>\n","protected":false},"excerpt":{"rendered":"<div class=\"mh-excerpt\"><p>Der Donnerstag ist in unserem Sprachstudio der Filmtag. Hier vermitteln wir die aktuelle persische Umgangssprache mit Unterhaltung. In diesem Kurs (17:30-19:00 Uhr) behandeln wir Sequenzen <a class=\"mh-excerpt-more\" href=\"http:\/\/persischkurs.de\/?page_id=248\" title=\"Filmkurs Persisch\">[&#8230;]<\/a><\/p>\n<\/div>","protected":false},"author":1,"featured_media":0,"parent":0,"menu_order":0,"comment_status":"closed","ping_status":"closed","template":"","meta":[],"_links":{"self":[{"href":"http:\/\/persischkurs.de\/index.php?rest_route=\/wp\/v2\/pages\/248"}],"collection":[{"href":"http:\/\/persischkurs.de\/index.php?rest_route=\/wp\/v2\/pages"}],"about":[{"href":"http:\/\/persischkurs.de\/index.php?rest_route=\/wp\/v2\/types\/page"}],"author":[{"embeddable":true,"href":"http:\/\/persischkurs.de\/index.php?rest_route=\/wp\/v2\/users\/1"}],"replies":[{"embeddable":true,"href":"http:\/\/persischkurs.de\/index.php?rest_route=%2Fwp%2Fv2%2Fcomments&post=248"}],"version-history":[{"count":3,"href":"http:\/\/persischkurs.de\/index.php?rest_route=\/wp\/v2\/pages\/248\/revisions"}],"predecessor-version":[{"id":539,"href":"http:\/\/persischkurs.de\/index.php?rest_route=\/wp\/v2\/pages\/248\/revisions\/539"}],"wp:attachment":[{"href":"http:\/\/persischkurs.de\/index.php?rest_route=%2Fwp%2Fv2%2Fmedia&parent=248"}],"curies":[{"name":"wp","href":"https:\/\/api.w.org\/{rel}","templated":true}]}}