{"id":45,"date":"2018-02-07T14:46:28","date_gmt":"2018-02-07T14:46:28","guid":{"rendered":"http:\/\/persischkurs.de\/?page_id=45"},"modified":"2018-02-15T10:28:57","modified_gmt":"2018-02-15T10:28:57","slug":"ueber-unser-sprachstudio","status":"publish","type":"page","link":"http:\/\/persischkurs.de\/?page_id=45","title":{"rendered":"\u00dcber unser Sprachstudio"},"content":{"rendered":"<p><img loading=\"lazy\" class=\"size-medium wp-image-90 alignright\" src=\"http:\/\/persischkurs.de\/wp-content\/uploads\/2018\/02\/20161018_174452_resized-300x169.jpg\" alt=\"\" width=\"300\" height=\"169\" srcset=\"http:\/\/persischkurs.de\/wp-content\/uploads\/2018\/02\/20161018_174452_resized-300x169.jpg 300w, http:\/\/persischkurs.de\/wp-content\/uploads\/2018\/02\/20161018_174452_resized-768x432.jpg 768w, http:\/\/persischkurs.de\/wp-content\/uploads\/2018\/02\/20161018_174452_resized-1024x576.jpg 1024w, http:\/\/persischkurs.de\/wp-content\/uploads\/2018\/02\/20161018_174452_resized-678x381.jpg 678w\" sizes=\"(max-width: 300px) 100vw, 300px\" \/>Unser Sprachstudio wurde im Jahre 2009 in Berlin er\u00f6ffnet. Seit der Gr\u00fcndung haben Hunderte von Sch\u00fclerinnen und Sch\u00fcler unsere Sprachschule besucht. Unsere Lerngruppen sind klein mit 3 bis 6 Teilnehmern.<\/p>\n<p>Wir sind die einzige persische Sprachschule in Berlin, in der verschiedene Bereiche der gesprochenen und geschriebenen persischen Sprache systematisch, adressatenorientiert und auf der Basis der deutschen Sprache vermittelt werden.<\/p>\n<p>Wir haben ein vielseitiges Lehrangebot; neben den regul\u00e4ren Kursen bieten wir auch Schnellkurse an. Mit dem Lehrbuch &#8222;<a href=\"http:\/\/persischkurs.de\/?page_id=142\">Schnellkurs Persisch<\/a>&#8220; kann man bei uns die gesprochene persische Sprache ohne die persische Schrift, d.h. mit Hilfe der lateinischen Umschrift, lernen. Auch dieses Lehrmaterial wird von Audiodateien und \u00dcbungen begleitet.<\/p>\n<p>Hochqualifizierte Sprachdidaktiker und das moderne hauseigene Lehr- und Arbeitsbuch &#8222;<a href=\"http:\/\/persischkurs.de\/?page_id=43\">Persisch heute<\/a>&#8220; bestimmen dieses einzigartige Lehrangebot. Das Lernmaterial wird kostenlos zur Verf\u00fcgung gestellt und ist auf dem Buchmarkt nicht erh\u00e4ltlich.<\/p>\n<p>Die Persischkurse finden nachmittags statt: 17:00-18:30 Uhr und 18:30-20:00 Uhr. Einzelkurse finden oft samstags oder nach Terminvereinbarung statt.<\/p>\n<p>&nbsp;<\/p>\n","protected":false},"excerpt":{"rendered":"<div class=\"mh-excerpt\"><p>Unser Sprachstudio wurde im Jahre 2009 in Berlin er\u00f6ffnet. Seit der Gr\u00fcndung haben Hunderte von Sch\u00fclerinnen und Sch\u00fcler unsere Sprachschule besucht. Unsere Lerngruppen sind klein <a class=\"mh-excerpt-more\" href=\"http:\/\/persischkurs.de\/?page_id=45\" title=\"\u00dcber unser Sprachstudio\">[&#8230;]<\/a><\/p>\n<\/div>","protected":false},"author":1,"featured_media":0,"parent":0,"menu_order":0,"comment_status":"closed","ping_status":"closed","template":"","meta":[],"_links":{"self":[{"href":"http:\/\/persischkurs.de\/index.php?rest_route=\/wp\/v2\/pages\/45"}],"collection":[{"href":"http:\/\/persischkurs.de\/index.php?rest_route=\/wp\/v2\/pages"}],"about":[{"href":"http:\/\/persischkurs.de\/index.php?rest_route=\/wp\/v2\/types\/page"}],"author":[{"embeddable":true,"href":"http:\/\/persischkurs.de\/index.php?rest_route=\/wp\/v2\/users\/1"}],"replies":[{"embeddable":true,"href":"http:\/\/persischkurs.de\/index.php?rest_route=%2Fwp%2Fv2%2Fcomments&post=45"}],"version-history":[{"count":10,"href":"http:\/\/persischkurs.de\/index.php?rest_route=\/wp\/v2\/pages\/45\/revisions"}],"predecessor-version":[{"id":235,"href":"http:\/\/persischkurs.de\/index.php?rest_route=\/wp\/v2\/pages\/45\/revisions\/235"}],"wp:attachment":[{"href":"http:\/\/persischkurs.de\/index.php?rest_route=%2Fwp%2Fv2%2Fmedia&parent=45"}],"curies":[{"name":"wp","href":"https:\/\/api.w.org\/{rel}","templated":true}]}}